{"id":366,"date":"2008-06-14T05:16:44","date_gmt":"2008-06-14T04:16:44","guid":{"rendered":"http:\/\/www.wassergasse.org\/kwt\/?page_id=3"},"modified":"2023-01-31T18:17:47","modified_gmt":"2023-01-31T17:17:47","slug":"kartenvorverkauf","status":"publish","type":"page","link":"https:\/\/www.kunstwerkstatt.at\/wp\/?page_id=366","title":{"rendered":"Karten"},"content":{"rendered":"<p>Karten f\u00fcr alle Veranstaltungen k\u00f6nnen unter <strong><a href=\"mailto:office@kunstwerkstatt.at\">office@kunstwerkstatt.at<\/a><\/strong> reserviert werden. Einfach Name und gew\u00fcnschte Vorstellung und Kartenanzahl angeben. Sie bekommen von uns Antwort, ob noch Karten verf\u00fcgbar sind und erhalten, wenn ja, die Karten an der Abendkassa. Wir ersuchen die Karten bis sp\u00e4testens 30 Minuten vor Veranstaltungsbeginn abzuholen!<\/p>\n<p>Wird im Programmheft extra auf einen Vorverkauf hingewiesen, sind print-at-home -Tickets direkt bei <strong><a href=\"https:\/\/ntry.at\/\">NTRY<\/a> <\/strong>erh\u00e4ltlich.<\/p>\n","protected":false},"excerpt":{"rendered":"<p>Karten f\u00fcr alle Veranstaltungen k\u00f6nnen unter office@kunstwerkstatt.at reserviert werden. Einfach Name und gew\u00fcnschte Vorstellung und Kartenanzahl angeben. Sie bekommen von&hellip;<\/p>\n","protected":false},"author":4,"featured_media":0,"parent":0,"menu_order":1,"comment_status":"closed","ping_status":"closed","template":"","meta":{"ngg_post_thumbnail":0,"footnotes":""},"class_list":["post-366","page","type-page","status-publish","hentry"],"_links":{"self":[{"href":"https:\/\/www.kunstwerkstatt.at\/wp\/index.php?rest_route=\/wp\/v2\/pages\/366","targetHints":{"allow":["GET"]}}],"collection":[{"href":"https:\/\/www.kunstwerkstatt.at\/wp\/index.php?rest_route=\/wp\/v2\/pages"}],"about":[{"href":"https:\/\/www.kunstwerkstatt.at\/wp\/index.php?rest_route=\/wp\/v2\/types\/page"}],"author":[{"embeddable":true,"href":"https:\/\/www.kunstwerkstatt.at\/wp\/index.php?rest_route=\/wp\/v2\/users\/4"}],"replies":[{"embeddable":true,"href":"https:\/\/www.kunstwerkstatt.at\/wp\/index.php?rest_route=%2Fwp%2Fv2%2Fcomments&post=366"}],"version-history":[{"count":10,"href":"https:\/\/www.kunstwerkstatt.at\/wp\/index.php?rest_route=\/wp\/v2\/pages\/366\/revisions"}],"predecessor-version":[{"id":12767,"href":"https:\/\/www.kunstwerkstatt.at\/wp\/index.php?rest_route=\/wp\/v2\/pages\/366\/revisions\/12767"}],"wp:attachment":[{"href":"https:\/\/www.kunstwerkstatt.at\/wp\/index.php?rest_route=%2Fwp%2Fv2%2Fmedia&parent=366"}],"curies":[{"name":"wp","href":"https:\/\/api.w.org\/{rel}","templated":true}]}}