{"id":4,"date":"2008-06-14T05:17:53","date_gmt":"2008-06-14T04:17:53","guid":{"rendered":"http:\/\/www.wassergasse.org\/kwt\/?page_id=4"},"modified":"2025-01-20T09:19:07","modified_gmt":"2025-01-20T08:19:07","slug":"wir-uber-uns","status":"publish","type":"page","link":"https:\/\/www.kunstwerkstatt.at\/wp\/?page_id=4","title":{"rendered":"Der Verein"},"content":{"rendered":"\n<figure class=\"wp-block-embed is-type-video is-provider-youtube wp-block-embed-youtube wp-embed-aspect-16-9 wp-has-aspect-ratio\"><div class=\"wp-block-embed__wrapper\">\n<iframe loading=\"lazy\" title=\"Kunstwerkstatt Tulln - W\u00fcnsch dir was!\" width=\"688\" height=\"387\" src=\"https:\/\/www.youtube.com\/embed\/zA4vzyCmg7w?feature=oembed\" frameborder=\"0\" allow=\"accelerometer; autoplay; clipboard-write; encrypted-media; gyroscope; picture-in-picture; web-share\" allowfullscreen><\/iframe>\n<\/div><figcaption class=\"wp-element-caption\">Wir haben die Pandemie-Pause genutzt um uns umzuh\u00f6ren, was die Kunstwerkstatt Tulln f\u00fcr Menschen in und um Tulln herum bedeutet. Herzlichen Dank f\u00fcr die tollen Videobeitr\u00e4ge!<\/figcaption><\/figure>\n\n\n\n<p><\/p>\n\n\n\n<h2 class=\"wp-block-heading\">Die Kunstwerkstatt Tulln (KWT)<\/h2>\n\n\n\n<p>Die Kunstwerkstatt Tulln ist ein 1988 von K\u00fcnstlern gegr\u00fcndeter Verein zur F\u00f6rderung moderner Kunst und Kultur abseits des Mainstreams. Mit ihren gut ausgestatteten R\u00e4umlichkeiten mitten in Tulln und direkt an der Donaul\u00e4nde bietet sie beste Voraussetzungen f\u00fcr<strong>  Veranstaltungen, Ausstellungen und Projekte. <\/strong><\/p>\n\n\n\nngg_shortcode_0_placeholder\n\n\n\n<h2 class=\"wp-block-heading\">Eine Werkstatt<\/h2>\n\n\n\n<p>Neben einem vielf\u00e4ltigen Kulturprogramm bietet die Kunstwerkstatt Tulln die <strong>M\u00f6glichkeit zum k\u00fcnstlerischen Austausch<\/strong> f\u00fcr Jung und Alt. Wir sind kein reines Veranstaltungszentrum, sondern eine echte Werkstatt, in der Kunst auch entsteht.<\/p>\n\n\n\nngg_shortcode_1_placeholder\n\n\n\n<h2 class=\"wp-block-heading\">Eine Gemeinschaft<\/h2>\n\n\n\n<p>Seit der Vereinsgr\u00fcndung wird die Kunstwerkstatt von engagierten Menschen <strong>ehrenamtlich in ihrer Freizeit<\/strong> betrieben. Mit einer gemeinsamen Vision schaffen sie eine wertvolle und lebendige Gemeinschaft f\u00fcr die Kulturarbeit in der Region.<\/p>\n\n\n\nngg_shortcode_2_placeholder\n\n\n\n<div style=\"height:37px\" aria-hidden=\"true\" class=\"wp-block-spacer\"><\/div>\n\n\n\n<hr class=\"wp-block-separator has-css-opacity is-style-wide\"\/>\n\n\n\n<h2 class=\"wp-block-heading\">Deine Unterst\u00fctzung<\/h2>\n\n\n\n<p>Es gibt viele Arten um uns zu unterst\u00fctzen. Du kannst uns im Betrieb helfen, Vereinsmitglied werden oder gerne auch einfach nur spenden. Jeder Beitrag z\u00e4hlt!<\/p>\n\n\n\n<div class=\"wp-block-buttons is-layout-flex wp-block-buttons-is-layout-flex\">\n<div class=\"wp-block-button is-style-outline is-style-outline--1\"><a class=\"wp-block-button__link wp-element-button\" href=\"https:\/\/www.kunstwerkstatt.at\/wp\/?page_id=6\" target=\"_blank\" rel=\"noreferrer noopener\">So hilfst du uns!<\/a><\/div>\n<\/div>\n\n\n\n<div style=\"height:85px\" aria-hidden=\"true\" class=\"wp-block-spacer\"><\/div>\n\n\n\n<hr class=\"wp-block-separator has-css-opacity is-style-wide\"\/>\n\n\n\n<h2 class=\"wp-block-heading\">Downloads<\/h2>\n\n\n\n<p>Bei unserem 20. und 25. Jubil\u00e4um haben wir Brosch\u00fcren verfasst, mit Geschichten und Bildern zur Kunstwerkstatt und den Personen dahinter. Viel Spa\u00df beim bl\u00e4ttern!<\/p>\n\n\n\n<div style=\"height:20px\" aria-hidden=\"true\" class=\"wp-block-spacer\"><\/div>\n\n\n<div class=\"wp-block-image is-style-rounded\">\n<figure class=\"alignleft size-medium is-resized\"><a href=\"https:\/\/www.kunstwerkstatt.at\/wp\/wp-content\/uploads\/2020\/08\/KWT_25J_Broschuere_low.pdf\"><img loading=\"lazy\" decoding=\"async\" width=\"300\" height=\"105\" src=\"https:\/\/www.kunstwerkstatt.at\/wp\/wp-content\/uploads\/2020\/08\/Screenshot-2020-08-17-at-23.05.20-300x105.png\" alt=\"\" class=\"wp-image-9221\" style=\"width:258px;height:98px\" srcset=\"https:\/\/www.kunstwerkstatt.at\/wp\/wp-content\/uploads\/2020\/08\/Screenshot-2020-08-17-at-23.05.20-300x105.png 300w, https:\/\/www.kunstwerkstatt.at\/wp\/wp-content\/uploads\/2020\/08\/Screenshot-2020-08-17-at-23.05.20-450x158.png 450w, https:\/\/www.kunstwerkstatt.at\/wp\/wp-content\/uploads\/2020\/08\/Screenshot-2020-08-17-at-23.05.20-768x270.png 768w, https:\/\/www.kunstwerkstatt.at\/wp\/wp-content\/uploads\/2020\/08\/Screenshot-2020-08-17-at-23.05.20.png 1107w\" sizes=\"auto, (max-width: 300px) 100vw, 300px\" \/><\/a><figcaption class=\"wp-element-caption\"><strong>25 Jahre KWT &#8211; Jubil\u00e4umsbrosch\u00fcre (PDF)<\/strong><\/figcaption><\/figure>\n<\/div>\n\n\n<div style=\"height:20px\" aria-hidden=\"true\" class=\"wp-block-spacer\"><\/div>\n\n\n<div class=\"wp-block-image is-style-rounded\">\n<figure class=\"alignleft size-medium is-resized\"><a href=\"https:\/\/www.kunstwerkstatt.at\/wp\/wp-content\/uploads\/2020\/08\/KWT%20Folder3_compressed.pdf\"><img loading=\"lazy\" decoding=\"async\" width=\"300\" height=\"101\" src=\"https:\/\/www.kunstwerkstatt.at\/wp\/wp-content\/uploads\/2020\/08\/Screenshot-2020-08-17-at-23.07.25-1-300x101.jpg\" alt=\"\" class=\"wp-image-9230\" style=\"width:267px;height:97px\" srcset=\"https:\/\/www.kunstwerkstatt.at\/wp\/wp-content\/uploads\/2020\/08\/Screenshot-2020-08-17-at-23.07.25-1-300x101.jpg 300w, https:\/\/www.kunstwerkstatt.at\/wp\/wp-content\/uploads\/2020\/08\/Screenshot-2020-08-17-at-23.07.25-1-450x152.jpg 450w, https:\/\/www.kunstwerkstatt.at\/wp\/wp-content\/uploads\/2020\/08\/Screenshot-2020-08-17-at-23.07.25-1-768x259.jpg 768w, https:\/\/www.kunstwerkstatt.at\/wp\/wp-content\/uploads\/2020\/08\/Screenshot-2020-08-17-at-23.07.25-1-1536x517.jpg 1536w, https:\/\/www.kunstwerkstatt.at\/wp\/wp-content\/uploads\/2020\/08\/Screenshot-2020-08-17-at-23.07.25-1-2048x690.jpg 2048w, https:\/\/www.kunstwerkstatt.at\/wp\/wp-content\/uploads\/2020\/08\/Screenshot-2020-08-17-at-23.07.25-1-1600x539.jpg 1600w\" sizes=\"auto, (max-width: 300px) 100vw, 300px\" \/><\/a><figcaption class=\"wp-element-caption\"><strong>20 Jahre KWT &#8211; Jubil\u00e4umsbrosch\u00fcre (PDF)<\/strong><\/figcaption><\/figure>\n<\/div>\n\n\n<h6 class=\"wp-block-heading\"><\/h6>\n\n\n\n<div style=\"height:70px\" aria-hidden=\"true\" class=\"wp-block-spacer\"><\/div>\n\n\n\n<hr class=\"wp-block-separator has-css-opacity is-style-wide\"\/>\n\n\n\n<h2 class=\"wp-block-heading\"><strong>F\u00f6rderer<\/strong><\/h2>\n\n\n\n<p>Wir halten den-Betrieb aufrecht durch: Ehrenamtliche Arbeit, Mitgliedsbeitr\u00e4ge,  Eintr\u00e4ge aus Veranstaltungen und F\u00f6rderungen. Herzlichen Dank an:<\/p>\n\n\n<div class=\"wp-block-image\">\n<figure class=\"alignleft size-large is-resized\"><a href=\"https:\/\/www.tulln.at\/\"><img loading=\"lazy\" decoding=\"async\" width=\"450\" height=\"112\" src=\"https:\/\/www.kunstwerkstatt.at\/wp\/wp-content\/uploads\/2016\/11\/D52.006.1_Bild-Wortmarke_V1_4c3-1024x257-450x112.jpg\" alt=\"\" class=\"wp-image-8103\" style=\"width:238px;height:59px\"\/><\/a><\/figure>\n<\/div>\n\n\n<div style=\"height:20px\" aria-hidden=\"true\" class=\"wp-block-spacer\"><\/div>\n\n\n<div class=\"wp-block-image\">\n<figure class=\"alignleft size-large is-resized\"><a href=\"https:\/\/www.bundeskanzleramt.gv.at\/\"><img loading=\"lazy\" decoding=\"async\" width=\"450\" height=\"85\" src=\"https:\/\/www.kunstwerkstatt.at\/wp\/wp-content\/uploads\/2008\/06\/BKA_Logo_srgb-e1597865003478-450x85.png\" alt=\"\" class=\"wp-image-7630\" style=\"width:254px;height:48px\" srcset=\"https:\/\/www.kunstwerkstatt.at\/wp\/wp-content\/uploads\/2008\/06\/BKA_Logo_srgb-e1597865003478-450x85.png 450w, https:\/\/www.kunstwerkstatt.at\/wp\/wp-content\/uploads\/2008\/06\/BKA_Logo_srgb-e1597865003478-300x57.png 300w, https:\/\/www.kunstwerkstatt.at\/wp\/wp-content\/uploads\/2008\/06\/BKA_Logo_srgb-e1597865003478-768x145.png 768w, https:\/\/www.kunstwerkstatt.at\/wp\/wp-content\/uploads\/2008\/06\/BKA_Logo_srgb-e1597865003478.png 843w\" sizes=\"auto, (max-width: 450px) 100vw, 450px\" \/><\/a><\/figure>\n<\/div>\n\n\n<div style=\"height:20px\" aria-hidden=\"true\" class=\"wp-block-spacer\"><\/div>\n\n\n<div class=\"wp-block-image\">\n<figure class=\"alignleft size-large is-resized\"><img loading=\"lazy\" decoding=\"async\" width=\"450\" height=\"91\" src=\"https:\/\/www.kunstwerkstatt.at\/wp\/wp-content\/uploads\/2025\/01\/Kultur_NOE-450x91.jpg\" alt=\"\" class=\"wp-image-15018\" style=\"width:238px;height:48px\" srcset=\"https:\/\/www.kunstwerkstatt.at\/wp\/wp-content\/uploads\/2025\/01\/Kultur_NOE-450x91.jpg 450w, https:\/\/www.kunstwerkstatt.at\/wp\/wp-content\/uploads\/2025\/01\/Kultur_NOE-300x61.jpg 300w, https:\/\/www.kunstwerkstatt.at\/wp\/wp-content\/uploads\/2025\/01\/Kultur_NOE-768x155.jpg 768w, https:\/\/www.kunstwerkstatt.at\/wp\/wp-content\/uploads\/2025\/01\/Kultur_NOE-1536x311.jpg 1536w, https:\/\/www.kunstwerkstatt.at\/wp\/wp-content\/uploads\/2025\/01\/Kultur_NOE-2048x415.jpg 2048w, https:\/\/www.kunstwerkstatt.at\/wp\/wp-content\/uploads\/2025\/01\/Kultur_NOE-1600x324.jpg 1600w\" sizes=\"auto, (max-width: 450px) 100vw, 450px\" \/><\/figure>\n<\/div>\n\n\n<div style=\"height:103px\" aria-hidden=\"true\" class=\"wp-block-spacer\"><\/div>\n\n\n\n<hr class=\"wp-block-separator has-css-opacity is-style-wide\"\/>\n\n\n\n<h2 class=\"wp-block-heading\"><strong>Mitglied<\/strong>schaften<\/h2>\n\n\n\n<p>Bei unserer Arbeit kooperieren wir laufend mit regionalen Kultureinrichtungen und Betrieben sowie mit der Stadtgemeinde. Aktive Mitglieder sind wir bei:<\/p>\n\n\n\n<div style=\"height:20px\" aria-hidden=\"true\" class=\"wp-block-spacer\"><\/div>\n\n\n<div class=\"wp-block-image\">\n<figure class=\"alignleft size-large is-resized\"><a href=\"https:\/\/www.lower-austria-contemporary.at\/\"><img loading=\"lazy\" decoding=\"async\" width=\"450\" height=\"124\" src=\"https:\/\/www.kunstwerkstatt.at\/wp\/wp-content\/uploads\/2008\/06\/Screenshot-2019-03-28-at-14.18.58-450x124.png\" alt=\"\" class=\"wp-image-7931\" style=\"width:223px;height:61px\"\/><\/a><\/figure>\n<\/div>\n\n\n<div class=\"wp-block-group\"><div class=\"wp-block-group__inner-container is-layout-flow wp-block-group-is-layout-flow\">\n<div style=\"height:51px\" aria-hidden=\"true\" class=\"wp-block-spacer\"><\/div>\n<\/div><\/div>\n\n\n<div class=\"wp-block-image\">\n<figure class=\"alignleft size-large is-resized\"><a href=\"https:\/\/www.noedok.at\/\"><img loading=\"lazy\" decoding=\"async\" width=\"450\" height=\"247\" src=\"https:\/\/www.kunstwerkstatt.at\/wp\/wp-content\/uploads\/2022\/11\/Bildschirmfoto-2022-11-14-um-12.19.09-450x247.png\" alt=\"\" class=\"wp-image-12384\" style=\"width:225px;height:124px\" srcset=\"https:\/\/www.kunstwerkstatt.at\/wp\/wp-content\/uploads\/2022\/11\/Bildschirmfoto-2022-11-14-um-12.19.09-450x247.png 450w, https:\/\/www.kunstwerkstatt.at\/wp\/wp-content\/uploads\/2022\/11\/Bildschirmfoto-2022-11-14-um-12.19.09-300x165.png 300w, https:\/\/www.kunstwerkstatt.at\/wp\/wp-content\/uploads\/2022\/11\/Bildschirmfoto-2022-11-14-um-12.19.09.png 510w\" sizes=\"auto, (max-width: 450px) 100vw, 450px\" \/><\/a><\/figure>\n<\/div>\n\n\n<div class=\"wp-block-group\"><div class=\"wp-block-group__inner-container is-layout-flow wp-block-group-is-layout-flow\">\n<div style=\"height:42px\" aria-hidden=\"true\" class=\"wp-block-spacer\"><\/div>\n<\/div><\/div>\n\n\n<div class=\"wp-block-image\">\n<figure class=\"alignleft size-large is-resized\"><a href=\"http:\/\/www.kulturintulln.at\/\"><img loading=\"lazy\" decoding=\"async\" width=\"450\" height=\"166\" src=\"https:\/\/www.kunstwerkstatt.at\/wp\/wp-content\/uploads\/2008\/06\/Screen-Shot-2016-06-21-at-10.51.36-1-450x166.png\" alt=\"\" class=\"wp-image-6629\" style=\"width:224px;height:82px\"\/><\/a><\/figure>\n<\/div>\n\n\n<p><\/p>\n","protected":false},"excerpt":{"rendered":"<p>Die Kunstwerkstatt Tulln (KWT) Die Kunstwerkstatt Tulln ist ein 1988 von K\u00fcnstlern gegr\u00fcndeter Verein zur F\u00f6rderung moderner Kunst und Kultur&hellip;<\/p>\n","protected":false},"author":4,"featured_media":0,"parent":0,"menu_order":3,"comment_status":"closed","ping_status":"closed","template":"","meta":{"ngg_post_thumbnail":0,"footnotes":""},"class_list":["post-4","page","type-page","status-publish","hentry"],"_links":{"self":[{"href":"https:\/\/www.kunstwerkstatt.at\/wp\/index.php?rest_route=\/wp\/v2\/pages\/4","targetHints":{"allow":["GET"]}}],"collection":[{"href":"https:\/\/www.kunstwerkstatt.at\/wp\/index.php?rest_route=\/wp\/v2\/pages"}],"about":[{"href":"https:\/\/www.kunstwerkstatt.at\/wp\/index.php?rest_route=\/wp\/v2\/types\/page"}],"author":[{"embeddable":true,"href":"https:\/\/www.kunstwerkstatt.at\/wp\/index.php?rest_route=\/wp\/v2\/users\/4"}],"replies":[{"embeddable":true,"href":"https:\/\/www.kunstwerkstatt.at\/wp\/index.php?rest_route=%2Fwp%2Fv2%2Fcomments&post=4"}],"version-history":[{"count":168,"href":"https:\/\/www.kunstwerkstatt.at\/wp\/index.php?rest_route=\/wp\/v2\/pages\/4\/revisions"}],"predecessor-version":[{"id":15020,"href":"https:\/\/www.kunstwerkstatt.at\/wp\/index.php?rest_route=\/wp\/v2\/pages\/4\/revisions\/15020"}],"wp:attachment":[{"href":"https:\/\/www.kunstwerkstatt.at\/wp\/index.php?rest_route=%2Fwp%2Fv2%2Fmedia&parent=4"}],"curies":[{"name":"wp","href":"https:\/\/api.w.org\/{rel}","templated":true}]}}