{"id":5,"date":"2008-06-14T05:19:00","date_gmt":"2008-06-14T04:19:00","guid":{"rendered":"http:\/\/www.wassergasse.org\/kwt\/?page_id=5"},"modified":"2022-02-24T12:41:23","modified_gmt":"2022-02-24T11:41:23","slug":"location","status":"publish","type":"page","link":"https:\/\/www.kunstwerkstatt.at\/wp\/?page_id=5","title":{"rendered":"Location"},"content":{"rendered":"\n<h2 class=\"wp-block-heading\" id=\"adresse-und-zugang\">Adresse und Zugang<\/h2>\n\n\n\n<p class=\"has-text-align-left\">Kunstwerkstatt Tulln<br>Albrechtsgasse 18<br>3430 Tulln<br><br><strong>Zugang \u00fcber die Donaul\u00e4nde!<\/strong><br><\/p>\n\n\n\n<p class=\"has-text-align-left\">Von der Albrechtsgasse geht es \u00fcber die Fischergasse oder den Nibelungenplatz auf die Donaul\u00e4nde. In der N\u00e4he der Donaub\u00fchne befindet sich der Aufgang zum Gastgarten vom Griechischen Restaurant Mythos &#8211; dort ist unser Eingang!<\/p>\n\n\n\n<figure class=\"wp-block-gallery has-nested-images columns-default is-cropped wp-block-gallery-1 is-layout-flex wp-block-gallery-is-layout-flex\">\n<figure class=\"wp-block-image size-large\"><img loading=\"lazy\" decoding=\"async\" width=\"450\" height=\"338\" data-id=\"8833\" src=\"https:\/\/www.kunstwerkstatt.at\/wp\/wp-content\/uploads\/2020\/07\/11754468_1132358056779528_8466877068535289437_o-1-450x338.jpg\" alt=\"\" class=\"wp-image-8833\" srcset=\"https:\/\/www.kunstwerkstatt.at\/wp\/wp-content\/uploads\/2020\/07\/11754468_1132358056779528_8466877068535289437_o-1-450x338.jpg 450w, https:\/\/www.kunstwerkstatt.at\/wp\/wp-content\/uploads\/2020\/07\/11754468_1132358056779528_8466877068535289437_o-1-300x225.jpg 300w, https:\/\/www.kunstwerkstatt.at\/wp\/wp-content\/uploads\/2020\/07\/11754468_1132358056779528_8466877068535289437_o-1-768x576.jpg 768w, https:\/\/www.kunstwerkstatt.at\/wp\/wp-content\/uploads\/2020\/07\/11754468_1132358056779528_8466877068535289437_o-1-1536x1152.jpg 1536w, https:\/\/www.kunstwerkstatt.at\/wp\/wp-content\/uploads\/2020\/07\/11754468_1132358056779528_8466877068535289437_o-1-1600x1200.jpg 1600w, https:\/\/www.kunstwerkstatt.at\/wp\/wp-content\/uploads\/2020\/07\/11754468_1132358056779528_8466877068535289437_o-1.jpg 2048w\" sizes=\"auto, (max-width: 450px) 100vw, 450px\" \/><figcaption>Hinten beim Gastgarten die Stiegen rauf &#8230;<\/figcaption><\/figure>\n\n\n\n<figure class=\"wp-block-image size-large\"><img loading=\"lazy\" decoding=\"async\" width=\"320\" height=\"258\" data-id=\"9458\" src=\"https:\/\/www.kunstwerkstatt.at\/wp\/wp-content\/uploads\/2020\/08\/KWT-Eingang-1-1.jpeg\" alt=\"\" class=\"wp-image-9458\" srcset=\"https:\/\/www.kunstwerkstatt.at\/wp\/wp-content\/uploads\/2020\/08\/KWT-Eingang-1-1.jpeg 320w, https:\/\/www.kunstwerkstatt.at\/wp\/wp-content\/uploads\/2020\/08\/KWT-Eingang-1-1-300x242.jpeg 300w\" sizes=\"auto, (max-width: 320px) 100vw, 320px\" \/><figcaption>durch den Gastgarten &#8211; Hier ist unser Eingang!<\/figcaption><\/figure>\n<\/figure>\n\n\n\n<div style=\"height:45px\" aria-hidden=\"true\" class=\"wp-block-spacer\"><\/div>\n\n\n\n<h2 class=\"wp-block-heading\" id=\"die-raumlichkeiten\">Die R\u00e4umlichkeiten<\/h2>\n\n\n\n<p>Die Kunstwerkstatt umfasst ca. 400 Quadratmeter und bietet einen <strong>Saal<\/strong>, eine <strong>Galerie<\/strong>, einen kleinen <strong>Backstage<\/strong>-Raum, eine <strong>Bar<\/strong> sowie einen <strong>Kassa<\/strong>-Bereich mit <strong>Garderobe<\/strong>. Die <strong>Toiletten<\/strong> befinden sich au\u00dferhalb des Eingangs ums Eck.<\/p>\n\n\n\n<div class=\"wp-block-image\"><figure class=\"aligncenter size-large is-resized\"><img loading=\"lazy\" decoding=\"async\" src=\"https:\/\/www.kunstwerkstatt.at\/wp\/wp-content\/uploads\/2008\/06\/plan-kwt-a-450x257.jpg\" alt=\"\" class=\"wp-image-869\" width=\"633\" height=\"362\" srcset=\"https:\/\/www.kunstwerkstatt.at\/wp\/wp-content\/uploads\/2008\/06\/plan-kwt-a-450x257.jpg 450w, https:\/\/www.kunstwerkstatt.at\/wp\/wp-content\/uploads\/2008\/06\/plan-kwt-a-300x171.jpg 300w\" sizes=\"auto, (max-width: 633px) 100vw, 633px\" \/><\/figure><\/div>\n\n\n\n<figure class=\"wp-block-gallery has-nested-images columns-default is-cropped wp-block-gallery-2 is-layout-flex wp-block-gallery-is-layout-flex\">\n<figure class=\"wp-block-image size-large\"><img loading=\"lazy\" decoding=\"async\" width=\"450\" height=\"300\" data-id=\"8836\" src=\"https:\/\/www.kunstwerkstatt.at\/wp\/wp-content\/uploads\/2020\/07\/IMG_3320-450x300.jpg\" alt=\"\" class=\"wp-image-8836\" srcset=\"https:\/\/www.kunstwerkstatt.at\/wp\/wp-content\/uploads\/2020\/07\/IMG_3320-450x300.jpg 450w, https:\/\/www.kunstwerkstatt.at\/wp\/wp-content\/uploads\/2020\/07\/IMG_3320-300x200.jpg 300w, https:\/\/www.kunstwerkstatt.at\/wp\/wp-content\/uploads\/2020\/07\/IMG_3320-768x512.jpg 768w, https:\/\/www.kunstwerkstatt.at\/wp\/wp-content\/uploads\/2020\/07\/IMG_3320-1536x1024.jpg 1536w, https:\/\/www.kunstwerkstatt.at\/wp\/wp-content\/uploads\/2020\/07\/IMG_3320-2048x1365.jpg 2048w, https:\/\/www.kunstwerkstatt.at\/wp\/wp-content\/uploads\/2020\/07\/IMG_3320-1600x1067.jpg 1600w\" sizes=\"auto, (max-width: 450px) 100vw, 450px\" \/><\/figure>\n\n\n\n<figure class=\"wp-block-image size-large\"><img loading=\"lazy\" decoding=\"async\" width=\"450\" height=\"338\" data-id=\"8837\" src=\"https:\/\/www.kunstwerkstatt.at\/wp\/wp-content\/uploads\/2020\/07\/24231443432_f4d670c153_k-1-450x338.jpg\" alt=\"\" class=\"wp-image-8837\" srcset=\"https:\/\/www.kunstwerkstatt.at\/wp\/wp-content\/uploads\/2020\/07\/24231443432_f4d670c153_k-1-450x338.jpg 450w, https:\/\/www.kunstwerkstatt.at\/wp\/wp-content\/uploads\/2020\/07\/24231443432_f4d670c153_k-1-300x225.jpg 300w, https:\/\/www.kunstwerkstatt.at\/wp\/wp-content\/uploads\/2020\/07\/24231443432_f4d670c153_k-1-768x576.jpg 768w, https:\/\/www.kunstwerkstatt.at\/wp\/wp-content\/uploads\/2020\/07\/24231443432_f4d670c153_k-1-1536x1152.jpg 1536w, https:\/\/www.kunstwerkstatt.at\/wp\/wp-content\/uploads\/2020\/07\/24231443432_f4d670c153_k-1-1600x1200.jpg 1600w, https:\/\/www.kunstwerkstatt.at\/wp\/wp-content\/uploads\/2020\/07\/24231443432_f4d670c153_k-1.jpg 2048w\" sizes=\"auto, (max-width: 450px) 100vw, 450px\" \/><\/figure>\n<\/figure>\n\n\n\n<div style=\"height:56px\" aria-hidden=\"true\" class=\"wp-block-spacer\"><\/div>\n\n\n\n<h2 class=\"wp-block-heading\" id=\"technik-vorort\">Technik Vorort <\/h2>\n\n\n\n<p>Die Kunstwerkstatt verf\u00fcgt \u00fcber eine Basisausstattung an <strong>Audio- und Lichttechnik<\/strong> f\u00fcr kleine und mittlere Setups f\u00fcr z.B. Bands oder Theatergruppen. Wir haben einen <strong>Videoprojektor, WLAN <\/strong>und einen <strong>Laptop.<\/strong> Details gibt es in unserem Technical Rider:<\/p>\n\n\n\n<div class=\"wp-block-buttons is-layout-flex wp-block-buttons-is-layout-flex\">\n<div class=\"wp-block-button is-style-outline is-style-outline--3\"><a class=\"wp-block-button__link\" href=\"https:\/\/www.kunstwerkstatt.at\/wp\/?page_id=8908\">Zum Technical Rider<\/a><\/div>\n<\/div>\n\n\n\n<div style=\"height:39px\" aria-hidden=\"true\" class=\"wp-block-spacer\"><\/div>\n\n\n\n<h2 class=\"wp-block-heading\" id=\"dein-projekt-in-der-kwt\">Dein Projekt in der KWT?<\/h2>\n\n\n\n<p>Du m\u00f6chtest in der Kunstwerkstatt etwas umsetzen? Klingt gut! Bitte lies Dir die Seite unter dem folgendem Link aufmerksam durch, damit das Vorhaben auch bestens gelingen kann.<\/p>\n\n\n\n<div class=\"wp-block-buttons is-layout-flex wp-block-buttons-is-layout-flex\">\n<div class=\"wp-block-button is-style-outline is-style-outline--4\"><a class=\"wp-block-button__link\" href=\"https:\/\/www.kunstwerkstatt.at\/wp\/?page_id=8896\">Schick uns dein Vorhaben!<\/a><\/div>\n<\/div>\n\n\n\n<div style=\"height:100px\" aria-hidden=\"true\" class=\"wp-block-spacer\"><\/div>\n","protected":false},"excerpt":{"rendered":"<p>Adresse und Zugang Kunstwerkstatt TullnAlbrechtsgasse 183430 Tulln Zugang \u00fcber die Donaul\u00e4nde! Von der Albrechtsgasse geht es \u00fcber die Fischergasse oder&hellip;<\/p>\n","protected":false},"author":4,"featured_media":0,"parent":0,"menu_order":5,"comment_status":"closed","ping_status":"closed","template":"","meta":{"ngg_post_thumbnail":0,"footnotes":""},"class_list":["post-5","page","type-page","status-publish","hentry"],"_links":{"self":[{"href":"https:\/\/www.kunstwerkstatt.at\/wp\/index.php?rest_route=\/wp\/v2\/pages\/5","targetHints":{"allow":["GET"]}}],"collection":[{"href":"https:\/\/www.kunstwerkstatt.at\/wp\/index.php?rest_route=\/wp\/v2\/pages"}],"about":[{"href":"https:\/\/www.kunstwerkstatt.at\/wp\/index.php?rest_route=\/wp\/v2\/types\/page"}],"author":[{"embeddable":true,"href":"https:\/\/www.kunstwerkstatt.at\/wp\/index.php?rest_route=\/wp\/v2\/users\/4"}],"replies":[{"embeddable":true,"href":"https:\/\/www.kunstwerkstatt.at\/wp\/index.php?rest_route=%2Fwp%2Fv2%2Fcomments&post=5"}],"version-history":[{"count":40,"href":"https:\/\/www.kunstwerkstatt.at\/wp\/index.php?rest_route=\/wp\/v2\/pages\/5\/revisions"}],"predecessor-version":[{"id":11393,"href":"https:\/\/www.kunstwerkstatt.at\/wp\/index.php?rest_route=\/wp\/v2\/pages\/5\/revisions\/11393"}],"wp:attachment":[{"href":"https:\/\/www.kunstwerkstatt.at\/wp\/index.php?rest_route=%2Fwp%2Fv2%2Fmedia&parent=5"}],"curies":[{"name":"wp","href":"https:\/\/api.w.org\/{rel}","templated":true}]}}