{"id":6,"date":"2008-06-14T05:19:51","date_gmt":"2008-06-14T04:19:51","guid":{"rendered":"http:\/\/www.wassergasse.org\/kwt\/?page_id=6"},"modified":"2026-03-01T19:24:11","modified_gmt":"2026-03-01T18:24:11","slug":"mitgliedschaft","status":"publish","type":"page","link":"https:\/\/www.kunstwerkstatt.at\/wp\/?page_id=6","title":{"rendered":"KWT Mitmachen"},"content":{"rendered":"\n<h2 class=\"wp-block-heading\">Mitgliedschaft<\/h2>\n\n\n<p>Eine Mitgliedschaft ist ein direkter Beitrag f\u00fcr die ehrenamtliche Kulturarbeit in der Region. Sie unterst\u00fctzt einen lebendigen Kulturbetrieb jenseits des Mainstreams.<\/p>\n<p>Mitglieder genie\u00dfen bei uns erm\u00e4\u00dfigten Eintritt auf die meisten Veranstaltungen sowie verg\u00fcnstigte Konditionen bei der Nutzung der Kunstwerkstatt.<\/p>\n\n\n<ul class=\"wp-block-list\">\n<li><strong>45 Euro im Jahr Vollbeitrag<\/strong><\/li>\n\n\n\n<li><strong>35 Euro im Jahr erm\u00e4\u00dfigter Beitrag<\/strong><br> Personen im selben Haushalt, Sch\u00fcler, Studenten, Zivildiener, Pr\u00e4senzdiener, Arbeitslose und Sozialhilfeempf\u00e4nger.<\/li>\n<\/ul>\n\n\n\n<p>Bitte den Antrag auf Mitgliedschaft ausgef\u00fcllt an unsere <a href=\"https:\/\/www.kunstwerkstatt.at\/wp\/?page_id=5\">Adresse<\/a> schicken.<\/p>\n\n\n\n<div class=\"wp-block-buttons is-layout-flex wp-block-buttons-is-layout-flex\">\n<div class=\"wp-block-button is-style-outline is-style-outline--1\"><a class=\"wp-block-button__link has-primary-color has-text-color has-link-color wp-element-button\" href=\"https:\/\/www.kunstwerkstatt.at\/wp\/wp-content\/uploads\/2024\/03\/KWT_Beitritserklaerung_24.pdf\" style=\"border-radius:10px\">Antrag auf Mitgliedschaft (PDF)<\/a><\/div>\n<\/div>\n\n\n\n<div style=\"height:61px\" aria-hidden=\"true\" class=\"wp-block-spacer\"><\/div>\n\n\n\n<h2 class=\"wp-block-heading\">Mitmachen<\/h2>\n\n\n\n<p>Wir freuen uns \u00fcber jede Unterst\u00fctzung bei unserer Arbeit! Das ehrenamtliche KWT-Team \u00fcbernimmt zahlreiche T\u00e4tigkeiten um den Betrieb aufrecht zu erhalten:<\/p>\n\n\n\n<ul class=\"wp-block-list\">\n<li><strong>Veranstaltungsbetreuung<\/strong><\/li>\n\n\n\n<li><strong>Ton- und Lichttechnik<\/strong><\/li>\n\n\n\n<li><strong>Galleriedienste<\/strong><\/li>\n\n\n\n<li><strong>Ausschank, Kassa und Garderobe<\/strong><\/li>\n\n\n\n<li><strong>Infrastruktur-Erhaltung<\/strong><\/li>\n\n\n\n<li><strong>Programmatik und Marketing<\/strong><\/li>\n\n\n\n<li><strong>Beh\u00f6rdliches<\/strong><\/li>\n\n\n\n<li><strong>F\u00f6rderungen <\/strong><\/li>\n<\/ul>\n\n\n\n<p>Bei Interesse erkundige dich bitte nach dem Termin f\u00fcr unsere n\u00e4chste monatliche KWT-Sitzung zur Koordinierung des Betriebs. Da k\u00f6nnen wir uns kennlernen!<\/p>\n\n\n\n<div class=\"wp-block-buttons is-layout-flex wp-block-buttons-is-layout-flex\">\n<div class=\"wp-block-button is-style-outline is-style-outline--2\"><a class=\"wp-block-button__link has-primary-color has-quinary-background-color has-text-color has-background has-link-color wp-element-button\" href=\"mailto:office@kunstwerkstatt.at\" style=\"border-radius:10px\">Schreib uns eine Mail!<\/a><\/div>\n<\/div>\n\n\n\n<div style=\"height:59px\" aria-hidden=\"true\" class=\"wp-block-spacer\"><\/div>\n\n\n\n<h2 class=\"wp-block-heading\">Spenden<\/h2>\n\n\n\n<p>Wer spenden m\u00f6chte, bitte an folgende Bankadresse:<\/p>\n\n\n\n<p><strong>Erste Bank Tulln, IBAN: AT35 2011 1848 5576 2300<\/strong><\/p>\n","protected":false},"excerpt":{"rendered":"<p>Mitgliedschaft Eine Mitgliedschaft ist ein direkter Beitrag f\u00fcr die ehrenamtliche Kulturarbeit in der Region. Sie unterst\u00fctzt einen lebendigen Kulturbetrieb jenseits&hellip;<\/p>\n","protected":false},"author":4,"featured_media":0,"parent":0,"menu_order":0,"comment_status":"closed","ping_status":"closed","template":"","meta":{"ngg_post_thumbnail":0,"footnotes":""},"class_list":["post-6","page","type-page","status-publish","hentry"],"_links":{"self":[{"href":"https:\/\/www.kunstwerkstatt.at\/wp\/index.php?rest_route=\/wp\/v2\/pages\/6","targetHints":{"allow":["GET"]}}],"collection":[{"href":"https:\/\/www.kunstwerkstatt.at\/wp\/index.php?rest_route=\/wp\/v2\/pages"}],"about":[{"href":"https:\/\/www.kunstwerkstatt.at\/wp\/index.php?rest_route=\/wp\/v2\/types\/page"}],"author":[{"embeddable":true,"href":"https:\/\/www.kunstwerkstatt.at\/wp\/index.php?rest_route=\/wp\/v2\/users\/4"}],"replies":[{"embeddable":true,"href":"https:\/\/www.kunstwerkstatt.at\/wp\/index.php?rest_route=%2Fwp%2Fv2%2Fcomments&post=6"}],"version-history":[{"count":31,"href":"https:\/\/www.kunstwerkstatt.at\/wp\/index.php?rest_route=\/wp\/v2\/pages\/6\/revisions"}],"predecessor-version":[{"id":16243,"href":"https:\/\/www.kunstwerkstatt.at\/wp\/index.php?rest_route=\/wp\/v2\/pages\/6\/revisions\/16243"}],"wp:attachment":[{"href":"https:\/\/www.kunstwerkstatt.at\/wp\/index.php?rest_route=%2Fwp%2Fv2%2Fmedia&parent=6"}],"curies":[{"name":"wp","href":"https:\/\/api.w.org\/{rel}","templated":true}]}}