{"id":8714,"date":"2020-07-21T21:56:21","date_gmt":"2020-07-21T20:56:21","guid":{"rendered":"http:\/\/www.kunstwerkstatt.at\/wp\/?page_id=8714"},"modified":"2025-04-23T22:02:30","modified_gmt":"2025-04-23T21:02:30","slug":"impressum","status":"publish","type":"page","link":"https:\/\/www.kunstwerkstatt.at\/wp\/?page_id=8714","title":{"rendered":"Impressum"},"content":{"rendered":"\n<figure class=\"wp-block-image size-large is-resized\"><img loading=\"lazy\" decoding=\"async\" width=\"450\" height=\"235\" src=\"https:\/\/www.kunstwerkstatt.at\/wp\/wp-content\/uploads\/2020\/07\/kwt-1-3-450x235.jpeg\" alt=\"\" class=\"wp-image-8875\" style=\"width:638px;height:333px\" srcset=\"https:\/\/www.kunstwerkstatt.at\/wp\/wp-content\/uploads\/2020\/07\/kwt-1-3-450x235.jpeg 450w, https:\/\/www.kunstwerkstatt.at\/wp\/wp-content\/uploads\/2020\/07\/kwt-1-3-300x157.jpeg 300w, https:\/\/www.kunstwerkstatt.at\/wp\/wp-content\/uploads\/2020\/07\/kwt-1-3-768x401.jpeg 768w, https:\/\/www.kunstwerkstatt.at\/wp\/wp-content\/uploads\/2020\/07\/kwt-1-3.jpeg 1280w\" sizes=\"auto, (max-width: 450px) 100vw, 450px\" \/><\/figure>\n\n\n\n<p><strong>Kunstwerkstatt Tulln (Verein)<br><\/strong>Albrechtsgasse 18, 3430 Tulln<br>ZVR: 924158587<br><a href=\"mailto:office@kunstwerkstatt.at\">office@kunstwerkstatt.at<\/a><\/p>\n\n\n\n<p>Der Verein, dessen T\u00e4tigkeit nicht auf Gewinn gerichtet ist, bezweckt die F\u00f6rderung und Unterst\u00fctzung kultureller Aktivit\u00e4ten in allen Sparten (Musik, bildende Kunst, Theater, Literatur, Kleinkunst).<\/p>\n\n\n\n<p><strong>Der derzeitige Vorstand (2025)<\/strong><\/p>\n\n\n\n<ul class=\"wp-block-list\">\n<li><span style=\"font-size: 1rem;\"><\/span>Obmann: Leroy Werner<\/li>\n\n\n\n<li>Obmann Stellvertreter:&nbsp;Josef Dorninger<\/li>\n\n\n\n<li>Kassierin: Uli Werzinger<\/li>\n\n\n\n<li>Kassierin Stellvertreterin: Anna Doppler<\/li>\n\n\n\n<li>Schriftf\u00fchrer: Nick Mortimore<\/li>\n\n\n\n<li>Schriftf\u00fchrer Stellvertreter: Josef Hacker<\/li>\n<\/ul>\n\n\n\n<p><strong>Bankverbindung<\/strong><br>Erste Bank Tulln<br>IBAN: <strong>AT35 2011 1848 5576 2300<\/strong><\/p>\n\n\n\n<p><a href=\"https:\/\/www.kunstwerkstatt.at\/wp\/wp-content\/uploads\/2020\/08\/kwt_statuten.pdf\">Verreinsstatuten<br><\/a><a href=\"https:\/\/www.wko.at\/\">Mitglied der WKN\u00d6<\/a><br><a href=\"https:\/\/www.kunstwerkstatt.at\/wp\/?p=10462\">Infos zu Datenschutz (DSGVO)<\/a><\/p>\n","protected":false},"excerpt":{"rendered":"<p>Kunstwerkstatt Tulln (Verein)Albrechtsgasse 18, 3430 TullnZVR: 924158587office@kunstwerkstatt.at Der Verein, dessen T\u00e4tigkeit nicht auf Gewinn gerichtet ist, bezweckt die F\u00f6rderung und&hellip;<\/p>\n","protected":false},"author":4,"featured_media":0,"parent":0,"menu_order":0,"comment_status":"closed","ping_status":"closed","template":"","meta":{"ngg_post_thumbnail":0,"footnotes":""},"class_list":["post-8714","page","type-page","status-publish","hentry"],"_links":{"self":[{"href":"https:\/\/www.kunstwerkstatt.at\/wp\/index.php?rest_route=\/wp\/v2\/pages\/8714","targetHints":{"allow":["GET"]}}],"collection":[{"href":"https:\/\/www.kunstwerkstatt.at\/wp\/index.php?rest_route=\/wp\/v2\/pages"}],"about":[{"href":"https:\/\/www.kunstwerkstatt.at\/wp\/index.php?rest_route=\/wp\/v2\/types\/page"}],"author":[{"embeddable":true,"href":"https:\/\/www.kunstwerkstatt.at\/wp\/index.php?rest_route=\/wp\/v2\/users\/4"}],"replies":[{"embeddable":true,"href":"https:\/\/www.kunstwerkstatt.at\/wp\/index.php?rest_route=%2Fwp%2Fv2%2Fcomments&post=8714"}],"version-history":[{"count":13,"href":"https:\/\/www.kunstwerkstatt.at\/wp\/index.php?rest_route=\/wp\/v2\/pages\/8714\/revisions"}],"predecessor-version":[{"id":15178,"href":"https:\/\/www.kunstwerkstatt.at\/wp\/index.php?rest_route=\/wp\/v2\/pages\/8714\/revisions\/15178"}],"wp:attachment":[{"href":"https:\/\/www.kunstwerkstatt.at\/wp\/index.php?rest_route=%2Fwp%2Fv2%2Fmedia&parent=8714"}],"curies":[{"name":"wp","href":"https:\/\/api.w.org\/{rel}","templated":true}]}}