{"id":8908,"date":"2020-07-24T09:27:26","date_gmt":"2020-07-24T08:27:26","guid":{"rendered":"http:\/\/www.kunstwerkstatt.at\/wp\/?page_id=8908"},"modified":"2025-06-20T11:34:48","modified_gmt":"2025-06-20T10:34:48","slug":"kwt-technical-rider","status":"publish","type":"page","link":"https:\/\/www.kunstwerkstatt.at\/wp\/?page_id=8908","title":{"rendered":"KWT Technical Rider"},"content":{"rendered":"\n<h2 class=\"wp-block-heading has-primary-color has-text-color\">KWT Technical Rider<\/h2>\n\n\n\n<p>Von der Kunstwerkstatt Tulln<\/p>\n\n\n\n<ol class=\"wp-block-list\">\n<li><a href=\"#technik-r\u00e4umlichkeit\">R\u00e4umlichkeiten<\/a><\/li>\n\n\n\n<li><a href=\"#technik-tontechnik\">Tontechnik<\/a><\/li>\n\n\n\n<li><a href=\"#technik-lichttechnik\">Lichttechnik<\/a><\/li>\n\n\n\n<li><a href=\"#technik-videotechnik\">Videotechnik<\/a><\/li>\n\n\n\n<li><a href=\"#technik-strom\">Strom<\/a><\/li>\n<\/ol>\n\n\n<p><button onclick=\"window.print()\">Technical Rider Print<\/button><\/p>\n\n\n<!-- <div class=\"wp-block-buttons\">\n\n<div class=\"wp-block-button\"><a class=\"wp-block-button__link wp-element-button\">Technical Rider Print<\/a><\/div>\n\n<\/div> -->\n\n\n\n<figure class=\"wp-block-image alignfull size-full\"><img loading=\"lazy\" decoding=\"async\" width=\"450\" height=\"257\" src=\"https:\/\/www.kunstwerkstatt.at\/wp\/wp-content\/uploads\/2020\/07\/plan-kwt-a-450x257-1.jpg\" alt=\"\" class=\"wp-image-8917\" srcset=\"https:\/\/www.kunstwerkstatt.at\/wp\/wp-content\/uploads\/2020\/07\/plan-kwt-a-450x257-1.jpg 450w, https:\/\/www.kunstwerkstatt.at\/wp\/wp-content\/uploads\/2020\/07\/plan-kwt-a-450x257-1-300x171.jpg 300w\" sizes=\"auto, (max-width: 450px) 100vw, 450px\" \/><\/figure>\n\n\n\n<div style=\"height:43px\" aria-hidden=\"true\" class=\"wp-block-spacer\"><\/div>\n\n\n\n<h2 class=\"wp-block-heading has-primary-color has-text-color\" id=\"technik-r\u00e4umlichkeit\"><span style=\"background-color:rgba(0, 0, 0, 0)\" class=\"has-inline-color has-primary-color\">1. R\u00e4umlichkeiten<\/span><\/h2>\n\n\n\n<h3 class=\"wp-block-heading\">Raum<\/h3>\n\n\n\n<ul class=\"wp-block-list\">\n<li>Veranstaltungsraum insgesamt: ca. 400qm<\/li>\n\n\n\n<li>B\u00fchnen- und Publikumsraum: ca. 250qm<\/li>\n\n\n\n<li>Raum\u00e4hohe bis zum Gest\u00e4nge: 3,8m<\/li>\n\n\n\n<li>Fassungsverm\u00f6gen: max. 120 Besucher <\/li>\n<\/ul>\n\n\n\n<h3 class=\"wp-block-heading\">B\u00fchne<\/h3>\n\n\n\n<div class=\"wp-block-group\"><div class=\"wp-block-group__inner-container is-layout-flow wp-block-group-is-layout-flow\">\n<ul class=\"wp-block-list\">\n<li>Die B\u00fchne besteht aus 24 Elementen (1x1m, ca. 50Cm gro\u00df) und kann im gesamten Raum nach Bedarf arrangiert werden (klassisch: ca.  6x4m).<\/li>\n\n\n\n<li>F\u00fcr den Auf- und Abstieg gibt es ein Treppen-Element. <\/li>\n\n\n\n<li>Der B\u00fchnenraum kann mit schwarzen Vorh\u00e4ngen zugezogen werden.<\/li>\n\n\n\n<li>Hinter dem B\u00fchnenraum befindet sich ein kleines B\u00fcro, welches notd\u00fcrftig als Backstage-Raum genutzt werden kann.<\/li>\n<\/ul>\n<\/div><\/div>\n\n\n\n<h3 class=\"wp-block-heading\">Publikum<\/h3>\n\n\n\n<ul class=\"wp-block-list\">\n<li>Bis zu 150 schwarze Holz-\/Metallst\u00fchle und 6 Tische (klein, rund, schwarz) k\u00f6nnen im gesamten Raum nach Bedarf aufgestellt werden.<\/li>\n<\/ul>\n\n\n\n<div style=\"height:37px\" aria-hidden=\"true\" class=\"wp-block-spacer\"><\/div>\n\n\n\n<h2 class=\"wp-block-heading has-primary-color has-text-color\" id=\"technik-tontechnik\"><span style=\"background-color:rgba(0, 0, 0, 0)\" class=\"has-inline-color has-primary-color\">2. Tontechnik<\/span><\/h2>\n\n\n\n<h3 class=\"wp-block-heading\">PA<\/h3>\n\n\n\n<ul class=\"wp-block-list\">\n<li>1x QSC GX 5 Endstufe &#8211; Tops L\/R<\/li>\n\n\n\n<li>1x QSC GX 7 Endstufe &#8211; Subs<\/li>\n\n\n\n<li>2x LD System DP 600 Endstufen<\/li>\n\n\n\n<li>2x Linear 5 115F<\/li>\n\n\n\n<li>2x Linear Sub 2000<\/li>\n<\/ul>\n\n\n\n<h3 class=\"wp-block-heading\">Monitoring<\/h3>\n\n\n\n<ul class=\"wp-block-list\">\n<li>2x Solton MF 300A Aktivbox (300W, 300W\/80\u03a9 Speakon Durchschliff)<\/li>\n\n\n\n<li>2x Solton MF 300L Passivbox (300W\/80\u03a9)<\/li>\n<\/ul>\n\n\n\n<h3 class=\"wp-block-heading\">FOH<\/h3>\n\n\n\n<ul class=\"wp-block-list\">\n<li>1x Allen &amp; Heath SQ5 + AR2412 Stagebox<\/li>\n\n\n\n<li>Laptop f\u00fcr Zuspielungen<\/li>\n<\/ul>\n\n\n\n<h3 class=\"wp-block-heading\">Mikrofone<\/h3>\n\n\n\n<ul class=\"wp-block-list\">\n<li>1x t.bone Schlagzeug Mikro Set (1x Kick, 3x Tom, 2x OH)<\/li>\n\n\n\n<li>2x AKG C1000S<\/li>\n\n\n\n<li>2x Shure SM58<\/li>\n\n\n\n<li>1x Shure SM58 (mit Schalter)<\/li>\n\n\n\n<li>1x Shure BG 3.0 (mit Schalter)<\/li>\n\n\n\n<li>1x Shure SM57<\/li>\n\n\n\n<li>2x audio-technica ATM650<\/li>\n<\/ul>\n\n\n\n<h3 class=\"wp-block-heading\">Sonstiges<\/h3>\n\n\n\n<ul class=\"wp-block-list\">\n<li>2x Behringer Ultra-DI DI20 (Stereo DI-Box) Passiv\/Aktiv<\/li>\n\n\n\n<li>1x Klotz Mono DI-Box Passiv<\/li>\n\n\n\n<li>XLR-Kabel in unterschiedlichen L\u00e4ngen<\/li>\n\n\n\n<li>diverse Stative<\/li>\n\n\n\n<li>1x Kickstativ<\/li>\n<\/ul>\n\n\n\n<div style=\"height:30px\" aria-hidden=\"true\" class=\"wp-block-spacer\"><\/div>\n\n\n\n<h2 class=\"wp-block-heading has-primary-color has-text-color\" id=\"technik-lichttechnik\">3. Lichttechnik<\/h2>\n\n\n\n<h3 class=\"wp-block-heading\">Scheinwerfer<\/h3>\n\n\n\n<ul class=\"wp-block-list\">\n<li>2x ADB Fresnel 1kW<\/li>\n\n\n\n<li>1x ADB PC 1kW<\/li>\n\n\n\n<li>3x MultiPAR 600W (mit Torblenden)<\/li>\n\n\n\n<li>7x Spotlight MiniFRESNEL 300W (mit Torblenden)<\/li>\n\n\n\n<li>2x Profilscheinwerfer 750W<\/li>\n\n\n\n<li>7x PAR 56<\/li>\n\n\n\n<li>4x PAR 30 1kW<\/li>\n\n\n\n<li>6x Stairville Led Bar 240\/8 RGB DMX 30\u00b0<\/li>\n\n\n\n<li>3x Showtec Light-Brick (4 Channel Dimm &amp; Switch Pack)<\/li>\n\n\n\n<li>XLR-Kabel in unterschiedlichen L\u00e4ngen<\/li>\n\n\n\n<li>Aufh\u00e4ngung: Gest\u00e4nge oberhalb der B\u00fchne und dem Publikumsraum mit Deckenvers\u00e4tzen (wahlweise dimmbar oder Fixstrom)<\/li>\n\n\n\n<li>Pausenlicht: Lichtschienen, indirekte Wandbeleuchtung (Schalter in der N\u00e4he des FOH)&nbsp;<\/li>\n<\/ul>\n\n\n\n<h3 class=\"wp-block-heading\">FOH<\/h3>\n\n\n\n<ul class=\"wp-block-list\">\n<li>Showtec Lampy 20 2U (2 Universen)<\/li>\n<\/ul>\n\n\n\n<h2 class=\"wp-block-heading has-primary-color has-text-color has-link-color wp-elements-9a693f77414308af95a5b2befd4a278a\" id=\"technik-videotechnik\"><mark style=\"background-color:rgba(0, 0, 0, 0)\" class=\"has-inline-color has-primary-color\">4. Videotechnik<\/mark><\/h2>\n\n\n\n<ul class=\"wp-block-list\">\n<li>Epson 6.000 Ansi Lumen Laserprojektor, Full-HD (HDMI, HDBaseT) mit Aufh\u00e4ngevorrichtung, kann am Gest\u00e4nge frei positioniert werden<\/li>\n<\/ul>\n\n\n\n<div style=\"height:30px\" aria-hidden=\"true\" class=\"wp-block-spacer\"><\/div>\n\n\n\n<h2 class=\"wp-block-heading\" id=\"technik-strom\"><span style=\"background-color:rgba(0, 0, 0, 0);color:#ae282f\" class=\"has-inline-color\">5. Strom<\/span><\/h2>\n\n\n\n<h3 class=\"wp-block-heading\">B\u00fchne<\/h3>\n\n\n\n<ul class=\"wp-block-list\">\n<li>2x 32A CEE<\/li>\n\n\n\n<li>12x Schuko (4x\/Phase)<\/li>\n<\/ul>\n\n\n\n<h3 class=\"wp-block-heading\">FOH<\/h3>\n\n\n\n<ul class=\"wp-block-list\">\n<li>Schuko 16A<\/li>\n<\/ul>\n\n\n\n<div style=\"height:37px\" aria-hidden=\"true\" class=\"wp-block-spacer\"><\/div>\n\n\n<p><button onclick=\"window.print()\">Technical Rider Print<\/button><\/p>\n\n\n<p><\/p>\n\n\n\n<p><\/p>\n","protected":false},"excerpt":{"rendered":"<p>KWT Technical Rider Von der Kunstwerkstatt Tulln Technical Rider Print 1. R\u00e4umlichkeiten Raum B\u00fchne Publikum 2. Tontechnik PA Monitoring FOH&hellip;<\/p>\n","protected":false},"author":4,"featured_media":0,"parent":0,"menu_order":0,"comment_status":"closed","ping_status":"closed","template":"","meta":{"ngg_post_thumbnail":0,"footnotes":""},"class_list":["post-8908","page","type-page","status-publish","hentry"],"_links":{"self":[{"href":"https:\/\/www.kunstwerkstatt.at\/wp\/index.php?rest_route=\/wp\/v2\/pages\/8908","targetHints":{"allow":["GET"]}}],"collection":[{"href":"https:\/\/www.kunstwerkstatt.at\/wp\/index.php?rest_route=\/wp\/v2\/pages"}],"about":[{"href":"https:\/\/www.kunstwerkstatt.at\/wp\/index.php?rest_route=\/wp\/v2\/types\/page"}],"author":[{"embeddable":true,"href":"https:\/\/www.kunstwerkstatt.at\/wp\/index.php?rest_route=\/wp\/v2\/users\/4"}],"replies":[{"embeddable":true,"href":"https:\/\/www.kunstwerkstatt.at\/wp\/index.php?rest_route=%2Fwp%2Fv2%2Fcomments&post=8908"}],"version-history":[{"count":32,"href":"https:\/\/www.kunstwerkstatt.at\/wp\/index.php?rest_route=\/wp\/v2\/pages\/8908\/revisions"}],"predecessor-version":[{"id":15381,"href":"https:\/\/www.kunstwerkstatt.at\/wp\/index.php?rest_route=\/wp\/v2\/pages\/8908\/revisions\/15381"}],"wp:attachment":[{"href":"https:\/\/www.kunstwerkstatt.at\/wp\/index.php?rest_route=%2Fwp%2Fv2%2Fmedia&parent=8908"}],"curies":[{"name":"wp","href":"https:\/\/api.w.org\/{rel}","templated":true}]}}